{"id":1347,"date":"2025-01-23T14:49:38","date_gmt":"2025-01-23T14:49:38","guid":{"rendered":"https:\/\/premioscamara.camaracastellon.com\/?page_id=1347"},"modified":"2025-12-10T16:52:25","modified_gmt":"2025-12-10T16:52:25","slug":"innovacion-digital","status":"publish","type":"page","link":"https:\/\/premios.camaracastellon.com\/val\/innovacion-digital\/","title":{"rendered":"Innovaci\u00f3n Digital"},"content":{"rendered":"<div data-elementor-type=\"wp-page\" data-elementor-id=\"1347\" class=\"elementor elementor-1347\" data-elementor-post-type=\"page\">\n\t\t\t\t<div class=\"elementor-element elementor-element-689cc722 e-con-full e-flex e-con e-parent\" data-id=\"689cc722\" data-element_type=\"container\" data-e-type=\"container\">\n\t\t\t\t<div class=\"elementor-element elementor-element-5b89b52 elementor-widget__width-inherit elementor--h-position-center elementor--v-position-middle elementor-arrows-position-inside elementor-pagination-position-inside elementor-widget elementor-widget-slides\" data-id=\"5b89b52\" data-element_type=\"widget\" data-e-type=\"widget\" data-settings=\"{&quot;transition&quot;:&quot;fade&quot;,&quot;autoplay_speed&quot;:3000,&quot;navigation&quot;:&quot;both&quot;,&quot;autoplay&quot;:&quot;yes&quot;,&quot;infinite&quot;:&quot;yes&quot;,&quot;transition_speed&quot;:500}\" data-widget_type=\"slides.default\">\n\t\t\t\t<div class=\"elementor-widget-container\">\n\t\t\t\t\t\t\t\t\t<div class=\"elementor-swiper\">\n\t\t\t\t\t<div class=\"elementor-slides-wrapper elementor-main-swiper swiper\" role=\"region\" aria-roledescription=\"carousel\" aria-label=\"Diapositivas\" dir=\"ltr\" data-animation=\"\">\n\t\t\t\t<div class=\"swiper-wrapper elementor-slides\">\n\t\t\t\t\t\t\t\t\t\t<div class=\"elementor-repeater-item-5122ec7 swiper-slide\" role=\"group\" aria-roledescription=\"slide\"><div class=\"swiper-slide-bg elementor-ken-burns elementor-ken-burns--in\" role=\"img\" aria-label=\"Innovaci\u00f3n digital_v1 (2)\"><\/div><div class=\"elementor-background-overlay\"><\/div><div class=\"swiper-slide-inner\" ><div class=\"swiper-slide-contents\"><div class=\"elementor-slide-heading\">Innovaci\u00f3n Digital<\/div><div class=\"elementor-slide-description\">Premio a la Innovaci\u00f3n Digital<\/div><\/div><\/div><\/div>\t\t\t\t<\/div>\n\t\t\t\t\t\t\t<\/div>\n\t\t\t\t<\/div>\n\t\t\t\t\t\t\t\t<\/div>\n\t\t\t\t<\/div>\n\t\t\t\t<div class=\"elementor-element elementor-element-9e7b47f elementor-widget elementor-widget-spacer\" data-id=\"9e7b47f\" data-element_type=\"widget\" data-e-type=\"widget\" data-widget_type=\"spacer.default\">\n\t\t\t\t<div class=\"elementor-widget-container\">\n\t\t\t\t\t\t\t<div class=\"elementor-spacer\">\n\t\t\t<div class=\"elementor-spacer-inner\"><\/div>\n\t\t<\/div>\n\t\t\t\t\t\t<\/div>\n\t\t\t\t<\/div>\n\t\t\t\t<\/div>\n\t\t<div class=\"elementor-element elementor-element-da86b1c e-con-full e-flex e-con e-parent\" data-id=\"da86b1c\" data-element_type=\"container\" data-e-type=\"container\">\n\t\t<div class=\"elementor-element elementor-element-81386db e-con-full e-flex e-con e-child\" data-id=\"81386db\" data-element_type=\"container\" data-e-type=\"container\">\n\t\t\t\t<div class=\"elementor-element elementor-element-c050c49 elementor-widget elementor-widget-text-editor\" data-id=\"c050c49\" data-element_type=\"widget\" data-e-type=\"widget\" data-widget_type=\"text-editor.default\">\n\t\t\t\t<div class=\"elementor-widget-container\">\n\t\t\t\t\t\t\t\t\t<p>La <strong>C\u00e1mara Oficial de Comercio, Industria, Servicios y Navegaci\u00f3n de Castell\u00f3n<\/strong> presenta los <strong>Premios a la Innovaci\u00f3n Digital<\/strong>, un reconocimiento destinado a aquellas empresas que han sabido integrar la tecnolog\u00eda de manera creativa y efectiva para superar retos, optimizar procesos y marcar la diferencia en sus sectores.<\/p>\t\t\t\t\t\t\t\t<\/div>\n\t\t\t\t<\/div>\n\t\t\t\t<div class=\"elementor-element elementor-element-065f3bb elementor-widget elementor-widget-text-editor\" data-id=\"065f3bb\" data-element_type=\"widget\" data-e-type=\"widget\" data-widget_type=\"text-editor.default\">\n\t\t\t\t<div class=\"elementor-widget-container\">\n\t\t\t\t\t\t\t\t\t<h3>Un reconocimiento a la excelencia tecnol\u00f3gica<\/h3><p>Estos premios buscan destacar iniciativas empresariales que demuestren un enfoque innovador en el uso de herramientas digitales, promoviendo la transformaci\u00f3n y el progreso en m\u00faltiples \u00e1reas, desde la productividad hasta la sostenibilidad.<\/p><h3>Objetivo de los premios<\/h3><p>El prop\u00f3sito de este galard\u00f3n es doble:<\/p>\t\t\t\t\t\t\t\t<\/div>\n\t\t\t\t<\/div>\n\t\t\t\t<div class=\"elementor-element elementor-element-6a570ca elementor-icon-list--layout-traditional elementor-list-item-link-full_width elementor-widget elementor-widget-icon-list\" data-id=\"6a570ca\" data-element_type=\"widget\" data-e-type=\"widget\" data-widget_type=\"icon-list.default\">\n\t\t\t\t<div class=\"elementor-widget-container\">\n\t\t\t\t\t\t\t<ul class=\"elementor-icon-list-items\">\n\t\t\t\t\t\t\t<li class=\"elementor-icon-list-item\">\n\t\t\t\t\t\t\t\t\t\t\t<span class=\"elementor-icon-list-icon\">\n\t\t\t\t\t\t\t<svg aria-hidden=\"true\" class=\"e-font-icon-svg e-fas-check\" viewbox=\"0 0 512 512\" xmlns=\"http:\/\/www.w3.org\/2000\/svg\"><path d=\"M173.898 439.404l-166.4-166.4c-9.997-9.997-9.997-26.206 0-36.204l36.203-36.204c9.997-9.998 26.207-9.998 36.204 0L192 312.69 432.095 72.596c9.997-9.997 26.207-9.997 36.204 0l36.203 36.204c9.997 9.997 9.997 26.206 0 36.204l-294.4 294.401c-9.998 9.997-26.207 9.997-36.204-.001z\"><\/path><\/svg>\t\t\t\t\t\t<\/span>\n\t\t\t\t\t\t\t\t\t\t<span class=\"elementor-icon-list-text\">Reconocer la excelencia de empresas que han liderado el cambio a trav\u00e9s de la innovaci\u00f3n tecnol\u00f3gica.<\/span>\n\t\t\t\t\t\t\t\t\t<\/li>\n\t\t\t\t\t\t\t\t<li class=\"elementor-icon-list-item\">\n\t\t\t\t\t\t\t\t\t\t\t<span class=\"elementor-icon-list-icon\">\n\t\t\t\t\t\t\t<svg aria-hidden=\"true\" class=\"e-font-icon-svg e-fas-check\" viewbox=\"0 0 512 512\" xmlns=\"http:\/\/www.w3.org\/2000\/svg\"><path d=\"M173.898 439.404l-166.4-166.4c-9.997-9.997-9.997-26.206 0-36.204l36.203-36.204c9.997-9.998 26.207-9.998 36.204 0L192 312.69 432.095 72.596c9.997-9.997 26.207-9.997 36.204 0l36.203 36.204c9.997 9.997 9.997 26.206 0 36.204l-294.4 294.401c-9.998 9.997-26.207 9.997-36.204-.001z\"><\/path><\/svg>\t\t\t\t\t\t<\/span>\n\t\t\t\t\t\t\t\t\t\t<span class=\"elementor-icon-list-text\">Fomentar mejores pr\u00e1cticas en la adopci\u00f3n de tecnolog\u00eda digital, incentivando su uso responsable para generar un impacto positivo en la sociedad, la econom\u00eda y el tejido empresarial.<\/span>\n\t\t\t\t\t\t\t\t\t<\/li>\n\t\t\t\t\t\t<\/ul>\n\t\t\t\t\t\t<\/div>\n\t\t\t\t<\/div>\n\t\t\t\t<div class=\"elementor-element elementor-element-5b1c0f5 elementor-widget__width-inherit elementor-widget elementor-widget-text-editor\" data-id=\"5b1c0f5\" data-element_type=\"widget\" data-e-type=\"widget\" data-widget_type=\"text-editor.default\">\n\t\t\t\t<div class=\"elementor-widget-container\">\n\t\t\t\t\t\t\t\t\t<h3>Un impacto m\u00e1s all\u00e1 de la tecnolog\u00eda<\/h3><p>Los <strong>Premios a la Innovaci\u00f3n Digital<\/strong> no solo celebran el uso eficiente de las tecnolog\u00edas, sino tambi\u00e9n su capacidad para abordar desaf\u00edos globales, mejorar la vida de las personas y contribuir a un entorno empresarial m\u00e1s competitivo, sostenible y conectado.<\/p><p>\u00a0<\/p><h3>\u00a1Es el momento de reconocer a quienes lideran la transformaci\u00f3n digital!<\/h3>\t\t\t\t\t\t\t\t<\/div>\n\t\t\t\t<\/div>\n\t\t<div class=\"elementor-element elementor-element-27018c0 e-grid e-con-full e-con e-child\" data-id=\"27018c0\" data-element_type=\"container\" data-e-type=\"container\">\n\t\t\t\t<div class=\"elementor-element elementor-element-07d3f14 elementor-widget elementor-widget-button\" data-id=\"07d3f14\" data-element_type=\"widget\" data-e-type=\"widget\" data-widget_type=\"button.default\">\n\t\t\t\t<div class=\"elementor-widget-container\">\n\t\t\t\t\t\t\t\t\t<div class=\"elementor-button-wrapper\">\n\t\t\t\t\t<a class=\"elementor-button elementor-button-link elementor-size-sm\" href=\"https:\/\/zfrmz.eu\/adNMbmsYmqe8BTsu4CNi\">\n\t\t\t\t\t\t<span class=\"elementor-button-content-wrapper\">\n\t\t\t\t\t\t\t\t\t<span class=\"elementor-button-text\">Formulario Inscripci\u00f3n<\/span>\n\t\t\t\t\t<\/span>\n\t\t\t\t\t<\/a>\n\t\t\t\t<\/div>\n\t\t\t\t\t\t\t\t<\/div>\n\t\t\t\t<\/div>\n\t\t\t\t<div class=\"elementor-element elementor-element-eee7e6a elementor-widget elementor-widget-button\" data-id=\"eee7e6a\" data-element_type=\"widget\" data-e-type=\"widget\" data-widget_type=\"button.default\">\n\t\t\t\t<div class=\"elementor-widget-container\">\n\t\t\t\t\t\t\t\t\t<div class=\"elementor-button-wrapper\">\n\t\t\t\t\t<a class=\"elementor-button elementor-button-link elementor-size-sm\" href=\"https:\/\/premios.camaracastellon.com\/wp-content\/uploads\/2025\/12\/Bases-Premio-Innovacion-Digital-2025.pdf\">\n\t\t\t\t\t\t<span class=\"elementor-button-content-wrapper\">\n\t\t\t\t\t\t\t\t\t<span class=\"elementor-button-text\">Bases Legales<\/span>\n\t\t\t\t\t<\/span>\n\t\t\t\t\t<\/a>\n\t\t\t\t<\/div>\n\t\t\t\t\t\t\t\t<\/div>\n\t\t\t\t<\/div>\n\t\t\t\t<\/div>\n\t\t\t\t<div class=\"elementor-element elementor-element-fcf4d9c elementor-widget__width-inherit elementor-widget elementor-widget-image\" data-id=\"fcf4d9c\" data-element_type=\"widget\" data-e-type=\"widget\" data-widget_type=\"image.default\">\n\t\t\t\t<div class=\"elementor-widget-container\">\n\t\t\t\t\t\t\t\t\t\t\t\t\t\t\t<img fetchpriority=\"high\" decoding=\"async\" width=\"2048\" height=\"78\" src=\"https:\/\/premios.camaracastellon.com\/wp-content\/uploads\/2025\/01\/Decoracion-izquierda@4x-2048x78.png\" class=\"attachment-2048x2048 size-2048x2048 wp-image-1334\" alt=\"\" srcset=\"https:\/\/premios.camaracastellon.com\/wp-content\/uploads\/2025\/01\/Decoracion-izquierda@4x-2048x78.png 2048w, https:\/\/premios.camaracastellon.com\/wp-content\/uploads\/2025\/01\/Decoracion-izquierda@4x-1280x49.png 1280w, https:\/\/premios.camaracastellon.com\/wp-content\/uploads\/2025\/01\/Decoracion-izquierda@4x-980x37.png 980w, https:\/\/premios.camaracastellon.com\/wp-content\/uploads\/2025\/01\/Decoracion-izquierda@4x-480x18.png 480w\" sizes=\"(min-width: 0px) and (max-width: 480px) 480px, (min-width: 481px) and (max-width: 980px) 980px, (min-width: 981px) and (max-width: 1280px) 1280px, (min-width: 1281px) 2048px, 100vw\" \/>\t\t\t\t\t\t\t\t\t\t\t\t\t\t\t<\/div>\n\t\t\t\t<\/div>\n\t\t\t\t<div class=\"elementor-element elementor-element-49d3c26 elementor-widget elementor-widget-heading\" data-id=\"49d3c26\" data-element_type=\"widget\" data-e-type=\"widget\" data-widget_type=\"heading.default\">\n\t\t\t\t<div class=\"elementor-widget-container\">\n\t\t\t\t\t<h1 class=\"elementor-heading-title elementor-size-default\">Ganadores del premio<\/h1>\t\t\t\t<\/div>\n\t\t\t\t<\/div>\n\t\t\t\t<div class=\"elementor-element elementor-element-b3b8ee1 elementor-widget__width-initial elementor-widget elementor-widget-Table\" data-id=\"b3b8ee1\" data-element_type=\"widget\" data-e-type=\"widget\" data-widget_type=\"Table.default\">\n\t\t\t\t<div class=\"elementor-widget-container\">\n\t\t\t\t\t\t\t<table class=\"tafe-table\">\n\t\t\t<thead  class=\"tafe-table-header\">\n\t\t\t\t<tr>\n\t\t\t\t\t<th class=\"elementor-inline-editing elementor-repeater-item-8b62e16\"   ><\/th><th class=\"elementor-inline-editing elementor-repeater-item-c54b6b5\"   >Innovaci\u00f3n Digital<\/th><th class=\"elementor-inline-editing elementor-repeater-item-db7cf5b\"   >Acc\u00e9sit<\/th>\t\t\t\t<\/tr>\n\t\t\t<\/thead>\n\t\t\t\t\t\t<tbody class=\"tafe-table-body\">\n\t\t\t\t<tr>\n\t\t\t\t\t<\/tr><tr><td data-label=\"\"   class=\"elementor-repeater-item-dc96d3a td-content-type-default\" ><b>2024<\/b><\/td><td data-label=\"Innovaci\u00f3n Digital\"   class=\"elementor-repeater-item-a26f769 td-content-type-default\" ><img decoding=\"async\" src=\"https:\/\/premios.camaracastellon.com\/wp-content\/uploads\/2025\/12\/makco-rent-a-car-202010150116.png\" width=\"150px\" \/><\/td><td data-label=\"Acc\u00e9sit\"   class=\"elementor-repeater-item-482288b td-content-type-default\" ><img decoding=\"async\" src=\"https:\/\/premios.camaracastellon.com\/wp-content\/uploads\/2025\/12\/Logo-Orbel-web.jpg\" width=\"150px\" \/><\/td><\/tr><tr><td data-label=\"\"   class=\"elementor-repeater-item-6babc2f td-content-type-default\" ><b>2023<\/b><\/td><td data-label=\"Innovaci\u00f3n Digital\"   class=\"elementor-repeater-item-6e249ac td-content-type-default\" ><img decoding=\"async\" src=\"https:\/\/premios.camaracastellon.com\/wp-content\/uploads\/2025\/03\/Black-White-Modern-Handwritten-Square-Studio-Logo-e1741348369508.png\" width=\"150px\" \/><\/td><td data-label=\"Acc\u00e9sit\"   class=\"elementor-repeater-item-c3bda1f td-content-type-default\" ><img decoding=\"async\" src=\"https:\/\/premios.camaracastellon.com\/wp-content\/uploads\/2025\/02\/Logo-Fustecma.png\" width=\"150px\" \/><\/td>\t\t\t\t<\/tr>\n\t\t\t<\/tbody>\n\t\t<\/table>\n\t\t\n\t\t\t\t\t\t<\/div>\n\t\t\t\t<\/div>\n\t\t\t\t<div class=\"elementor-element elementor-element-f59d9aa elementor-widget__width-inherit elementor-widget elementor-widget-image\" data-id=\"f59d9aa\" data-element_type=\"widget\" data-e-type=\"widget\" data-widget_type=\"image.default\">\n\t\t\t\t<div class=\"elementor-widget-container\">\n\t\t\t\t\t\t\t\t\t\t\t\t\t\t\t<img fetchpriority=\"high\" decoding=\"async\" width=\"2048\" height=\"78\" src=\"https:\/\/premios.camaracastellon.com\/wp-content\/uploads\/2025\/01\/Decoracion-izquierda@4x-2048x78.png\" class=\"attachment-2048x2048 size-2048x2048 wp-image-1334\" alt=\"\" srcset=\"https:\/\/premios.camaracastellon.com\/wp-content\/uploads\/2025\/01\/Decoracion-izquierda@4x-2048x78.png 2048w, https:\/\/premios.camaracastellon.com\/wp-content\/uploads\/2025\/01\/Decoracion-izquierda@4x-1280x49.png 1280w, https:\/\/premios.camaracastellon.com\/wp-content\/uploads\/2025\/01\/Decoracion-izquierda@4x-980x37.png 980w, https:\/\/premios.camaracastellon.com\/wp-content\/uploads\/2025\/01\/Decoracion-izquierda@4x-480x18.png 480w\" sizes=\"(min-width: 0px) and (max-width: 480px) 480px, (min-width: 481px) and (max-width: 980px) 980px, (min-width: 981px) and (max-width: 1280px) 1280px, (min-width: 1281px) 2048px, 100vw\" \/>\t\t\t\t\t\t\t\t\t\t\t\t\t\t\t<\/div>\n\t\t\t\t<\/div>\n\t\t\t\t<\/div>\n\t\t\t\t<\/div>\n\t\t<div class=\"elementor-element elementor-element-102b428f e-flex e-con-boxed e-con e-parent\" data-id=\"102b428f\" data-element_type=\"container\" data-e-type=\"container\">\n\t\t\t\t\t<div class=\"e-con-inner\">\n\t\t<div class=\"elementor-element elementor-element-44940a41 e-con-full e-flex e-con e-child\" data-id=\"44940a41\" data-element_type=\"container\" data-e-type=\"container\">\n\t\t\t\t<div class=\"elementor-element elementor-element-5b34414d elementor-widget__width-initial elementor-widget elementor-widget-image\" data-id=\"5b34414d\" data-element_type=\"widget\" data-e-type=\"widget\" data-widget_type=\"image.default\">\n\t\t\t\t<div class=\"elementor-widget-container\">\n\t\t\t\t\t\t\t\t\t\t\t\t\t\t\t<img decoding=\"async\" width=\"150\" height=\"150\" src=\"https:\/\/premios.camaracastellon.com\/wp-content\/uploads\/2024\/08\/logo-C-150x150.png\" class=\"attachment-thumbnail size-thumbnail wp-image-1034\" alt=\"\" \/>\t\t\t\t\t\t\t\t\t\t\t\t\t\t\t<\/div>\n\t\t\t\t<\/div>\n\t\t\t\t<\/div>\n\t\t<div class=\"elementor-element elementor-element-11ecfb5d e-con-full e-flex e-con e-child\" data-id=\"11ecfb5d\" data-element_type=\"container\" data-e-type=\"container\">\n\t\t\t\t<div class=\"elementor-element elementor-element-24617bc6 elementor-widget elementor-widget-heading\" data-id=\"24617bc6\" data-element_type=\"widget\" data-e-type=\"widget\" data-widget_type=\"heading.default\">\n\t\t\t\t<div class=\"elementor-widget-container\">\n\t\t\t\t\t<h2 class=\"elementor-heading-title elementor-size-default\">Contacto | Premio Innovaci\u00f3n Digital<\/h2>\t\t\t\t<\/div>\n\t\t\t\t<\/div>\n\t\t\t\t<div class=\"elementor-element elementor-element-51e8c819 elementor-widget elementor-widget-text-editor\" data-id=\"51e8c819\" data-element_type=\"widget\" data-e-type=\"widget\" data-widget_type=\"text-editor.default\">\n\t\t\t\t<div class=\"elementor-widget-container\">\n\t\t\t\t\t\t\t\t\t<p>Sonia Cervera | <a href=\"mailto:scervera@camaracastellon.com\">scervera@camaracastellon.com<\/a><\/p>\t\t\t\t\t\t\t\t<\/div>\n\t\t\t\t<\/div>\n\t\t\t\t<\/div>\n\t\t\t\t\t<\/div>\n\t\t\t\t<\/div>\n\t\t\t\t<\/div>","protected":false},"excerpt":{"rendered":"<p>Innovaci\u00f3n DigitalPremio a la Innovaci\u00f3n Digital La C\u00e1mara Oficial de Comercio, Industria, Servicios y Navegaci\u00f3n de Castell\u00f3n presenta los Premios a la Innovaci\u00f3n Digital, un reconocimiento destinado a aquellas empresas que han sabido integrar la tecnolog\u00eda de manera creativa y efectiva para superar retos, optimizar procesos y marcar la diferencia en sus sectores. Un reconocimiento [&hellip;]<\/p>","protected":false},"author":1,"featured_media":0,"parent":0,"menu_order":0,"comment_status":"closed","ping_status":"closed","template":"elementor_header_footer","meta":{"_et_pb_use_builder":"","_et_pb_old_content":"","_et_gb_content_width":"","footnotes":""},"class_list":["post-1347","page","type-page","status-publish","hentry"],"_links":{"self":[{"href":"https:\/\/premios.camaracastellon.com\/val\/wp-json\/wp\/v2\/pages\/1347","targetHints":{"allow":["GET"]}}],"collection":[{"href":"https:\/\/premios.camaracastellon.com\/val\/wp-json\/wp\/v2\/pages"}],"about":[{"href":"https:\/\/premios.camaracastellon.com\/val\/wp-json\/wp\/v2\/types\/page"}],"author":[{"embeddable":true,"href":"https:\/\/premios.camaracastellon.com\/val\/wp-json\/wp\/v2\/users\/1"}],"replies":[{"embeddable":true,"href":"https:\/\/premios.camaracastellon.com\/val\/wp-json\/wp\/v2\/comments?post=1347"}],"version-history":[{"count":176,"href":"https:\/\/premios.camaracastellon.com\/val\/wp-json\/wp\/v2\/pages\/1347\/revisions"}],"predecessor-version":[{"id":2494,"href":"https:\/\/premios.camaracastellon.com\/val\/wp-json\/wp\/v2\/pages\/1347\/revisions\/2494"}],"wp:attachment":[{"href":"https:\/\/premios.camaracastellon.com\/val\/wp-json\/wp\/v2\/media?parent=1347"}],"curies":[{"name":"wp","href":"https:\/\/api.w.org\/{rel}","templated":true}]}}